{"id":411,"date":"2022-07-13T10:00:39","date_gmt":"2022-07-13T10:00:39","guid":{"rendered":"http:\/\/royalsilkholidays.com\/ueber-uns\/"},"modified":"2022-10-31T13:04:06","modified_gmt":"2022-10-31T06:04:06","slug":"ueber-uns","status":"publish","type":"page","link":"https:\/\/royalsilkholidays.com\/de\/ueber-uns\/","title":{"rendered":"\u00dcber uns"},"content":{"rendered":"\t\t<div data-elementor-type=\"wp-page\" data-elementor-id=\"411\" class=\"elementor elementor-411 elementor-87\" data-elementor-post-type=\"page\">\n\t\t\t\t<div class=\"elementor-element elementor-element-05bffb4 e-flex e-con-boxed e-con e-parent\" data-id=\"05bffb4\" data-element_type=\"container\">\n\t\t\t\t\t<div class=\"e-con-inner\">\n\t\t<div class=\"elementor-element elementor-element-8934806 e-con-full e-flex e-con e-child\" data-id=\"8934806\" data-element_type=\"container\">\n\t\t\t\t<div class=\"elementor-element elementor-element-7fb5d05 elementor-arrows-position-inside elementor-pagination-position-outside elementor-widget elementor-widget-image-carousel\" data-id=\"7fb5d05\" data-element_type=\"widget\" data-settings=\"{&quot;slides_to_show&quot;:&quot;1&quot;,&quot;navigation&quot;:&quot;both&quot;,&quot;autoplay&quot;:&quot;yes&quot;,&quot;pause_on_hover&quot;:&quot;yes&quot;,&quot;pause_on_interaction&quot;:&quot;yes&quot;,&quot;autoplay_speed&quot;:5000,&quot;infinite&quot;:&quot;yes&quot;,&quot;effect&quot;:&quot;slide&quot;,&quot;speed&quot;:500}\" data-widget_type=\"image-carousel.default\">\n\t\t\t\t<div class=\"elementor-widget-container\">\n\t\t\t\t\t\t\t<div class=\"elementor-image-carousel-wrapper swiper\" role=\"region\" aria-roledescription=\"carousel\" aria-label=\"Bild Karussell\" dir=\"ltr\">\n\t\t\t<div class=\"elementor-image-carousel swiper-wrapper\" aria-live=\"off\">\n\t\t\t\t\t\t\t\t<div class=\"swiper-slide\" role=\"group\" aria-roledescription=\"slide\" aria-label=\"1 von 2\"><figure class=\"swiper-slide-inner\"><img decoding=\"async\" class=\"swiper-slide-image\" src=\"https:\/\/royalsilkholidays.com\/wp-content\/uploads\/2022\/06\/Idaytrip-Vehicle-1-768x512.jpg\" alt=\"Idaytrip-Vehicle-1\" \/><\/figure><\/div><div class=\"swiper-slide\" role=\"group\" aria-roledescription=\"slide\" aria-label=\"2 von 2\"><figure class=\"swiper-slide-inner\"><img decoding=\"async\" class=\"swiper-slide-image\" src=\"https:\/\/royalsilkholidays.com\/wp-content\/uploads\/2022\/10\/Tourist-on-the-traditional-E-tan-truck-normally-use-for-rice-cultivation-in-Thailand-exploring-the-rice-field-in-Nakhon-Pathom-768x512.jpg\" alt=\"Tourist-on-the-traditional-E-tan-truck-normally-use-for-rice-cultivation-in-Thailand-exploring-the-rice-field-in-Nakhon-Pathom\" \/><\/figure><\/div>\t\t\t<\/div>\n\t\t\t\t\t\t\t\t\t\t\t\t<div class=\"elementor-swiper-button elementor-swiper-button-prev\" role=\"button\" tabindex=\"0\">\n\t\t\t\t\t\t<i aria-hidden=\"true\" class=\"eicon-chevron-left\"><\/i>\t\t\t\t\t<\/div>\n\t\t\t\t\t<div class=\"elementor-swiper-button elementor-swiper-button-next\" role=\"button\" tabindex=\"0\">\n\t\t\t\t\t\t<i aria-hidden=\"true\" class=\"eicon-chevron-right\"><\/i>\t\t\t\t\t<\/div>\n\t\t\t\t\n\t\t\t\t\t\t\t\t\t<div class=\"swiper-pagination\"><\/div>\n\t\t\t\t\t\t\t\t\t<\/div>\n\t\t\t\t\t\t<\/div>\n\t\t\t\t<\/div>\n\t\t\t\t<\/div>\n\t\t<div class=\"elementor-element elementor-element-2a5eaf4 e-con-full e-flex e-con e-child\" data-id=\"2a5eaf4\" data-element_type=\"container\">\n\t\t\t\t<div class=\"elementor-element elementor-element-0774614 elementor-widget elementor-widget-heading\" data-id=\"0774614\" data-element_type=\"widget\" data-widget_type=\"heading.default\">\n\t\t\t\t<div class=\"elementor-widget-container\">\n\t\t\t\t\t<h2 class=\"elementor-heading-title elementor-size-default\">\u00dcber Royal Silk Holidays<\/h2>\t\t\t\t<\/div>\n\t\t\t\t<\/div>\n\t\t\t\t<div class=\"elementor-element elementor-element-637db38 elementor-widget elementor-widget-text-editor\" data-id=\"637db38\" data-element_type=\"widget\" data-widget_type=\"text-editor.default\">\n\t\t\t\t<div class=\"elementor-widget-container\">\n\t\t\t\t\t\t\t\t\t<p>Royal Silk Holidays wurde 1987 gegr\u00fcndet und ist eine thail\u00e4ndische Destination Management Company (DMC), die den kompletten Service vor Ort f\u00fcr Reiseveranstalter, Reiseb\u00fcros, Incentive-Organisatoren, nationale Tourismusorganisationen und weltweite Reisende anbietet.<\/p>\n<p>Bereits seit 2002 ist unser Unternehmen aktives Mitglied der \u201e<strong><em>Thai Ecotourism and Adventure Travel Association (TEATA)<\/em><\/strong>\u201c und stellte von 2004 bis 2007 sogar die Vorstandsvorsitzende. Wir haben mit dem Vorstand zusammen das von der EU gesponserte <strong><em>CSR-Map-Projekt<\/em><\/strong> erschaffen, und damit seit 2010 nachhaltige Tourismusstandards f\u00fcr Tourismus Anbieter entwickelt und umweltfreundliche Tourismus Routen f\u00fcr den europ\u00e4ischen Markt geschaffen. Das Projekt wurde 2014 mit dem PATA Gold Award f\u00fcr Aus- und Weiterbildungskriterien ausgezeichnet.<\/p>\n\t\t\t\t\t\t\t\t<\/div>\n\t\t\t\t<\/div>\n\t\t\t\t<\/div>\n\t\t\t\t\t<\/div>\n\t\t\t\t<\/div>\n\t\t<div class=\"elementor-element elementor-element-750dd76 e-flex e-con-boxed e-con e-parent\" data-id=\"750dd76\" data-element_type=\"container\" data-settings=\"{&quot;background_background&quot;:&quot;classic&quot;}\">\n\t\t\t\t\t<div class=\"e-con-inner\">\n\t\t\t\t<div class=\"elementor-element elementor-element-554794b elementor-blockquote--skin-quotation elementor-blockquote--align-center elementor-blockquote--button-color-official elementor-widget elementor-widget-blockquote\" data-id=\"554794b\" data-element_type=\"widget\" data-widget_type=\"blockquote.default\">\n\t\t\t\t<div class=\"elementor-widget-container\">\n\t\t\t\t\t\t\t<blockquote class=\"elementor-blockquote\">\n\t\t\t<p class=\"elementor-blockquote__content\">\n\t\t\t\tUnsere Vision ist es, Nachhaltigkeit und Nutzen in unserem Tourismusgesch\u00e4ft unter globaler und lokaler Verantwortung zu erreichen.\t\t\t<\/p>\n\t\t\t\t\t\t\t<div class=\"e-q-footer\">\n\t\t\t\t\t\t\t\t\t\t\t<cite class=\"elementor-blockquote__author\">Supaporn Prach-umpai<\/cite>\n\t\t\t\t\t\t\t\t\t\t\t\t\t\t<\/div>\n\t\t\t\t\t<\/blockquote>\n\t\t\t\t\t\t<\/div>\n\t\t\t\t<\/div>\n\t\t\t\t<div class=\"elementor-element elementor-element-645bbf6 elementor-widget elementor-widget-image\" data-id=\"645bbf6\" data-element_type=\"widget\" data-widget_type=\"image.default\">\n\t\t\t\t<div class=\"elementor-widget-container\">\n\t\t\t\t\t\t\t\t\t\t\t\t\t\t\t<img fetchpriority=\"high\" decoding=\"async\" width=\"800\" height=\"1000\" src=\"https:\/\/royalsilkholidays.com\/wp-content\/uploads\/2022\/07\/rsh-staff-8-819x1024.jpg\" class=\"attachment-large size-large wp-image-487\" alt=\"\" srcset=\"https:\/\/royalsilkholidays.com\/wp-content\/uploads\/2022\/07\/rsh-staff-8-819x1024.jpg 819w, https:\/\/royalsilkholidays.com\/wp-content\/uploads\/2022\/07\/rsh-staff-8-240x300.jpg 240w, https:\/\/royalsilkholidays.com\/wp-content\/uploads\/2022\/07\/rsh-staff-8-768x960.jpg 768w, https:\/\/royalsilkholidays.com\/wp-content\/uploads\/2022\/07\/rsh-staff-8-1229x1536.jpg 1229w, https:\/\/royalsilkholidays.com\/wp-content\/uploads\/2022\/07\/rsh-staff-8.jpg 1536w\" sizes=\"(max-width: 800px) 100vw, 800px\" \/>\t\t\t\t\t\t\t\t\t\t\t\t\t\t\t<\/div>\n\t\t\t\t<\/div>\n\t\t\t\t\t<\/div>\n\t\t\t\t<\/div>\n\t\t<div class=\"elementor-element elementor-element-4a418ce e-flex e-con-boxed e-con e-parent\" data-id=\"4a418ce\" data-element_type=\"container\">\n\t\t\t\t\t<div class=\"e-con-inner\">\n\t\t\t\t<div class=\"elementor-element elementor-element-c293aeb elementor-widget elementor-widget-heading\" data-id=\"c293aeb\" data-element_type=\"widget\" data-widget_type=\"heading.default\">\n\t\t\t\t<div class=\"elementor-widget-container\">\n\t\t\t\t\t<h2 class=\"elementor-heading-title elementor-size-default\">Unsere Auftr\u00e4ge<\/h2>\t\t\t\t<\/div>\n\t\t\t\t<\/div>\n\t\t\t\t\t<\/div>\n\t\t\t\t<\/div>\n\t\t<div class=\"elementor-element elementor-element-fc12809 e-flex e-con-boxed e-con e-parent\" data-id=\"fc12809\" data-element_type=\"container\">\n\t\t\t\t\t<div class=\"e-con-inner\">\n\t\t<div class=\"elementor-element elementor-element-83e1483 e-con-full e-flex e-con e-child\" data-id=\"83e1483\" data-element_type=\"container\">\n\t\t\t\t<div class=\"elementor-element elementor-element-e6a669c elementor-icon-list--layout-traditional elementor-list-item-link-full_width elementor-widget elementor-widget-icon-list\" data-id=\"e6a669c\" data-element_type=\"widget\" data-widget_type=\"icon-list.default\">\n\t\t\t\t<div class=\"elementor-widget-container\">\n\t\t\t\t\t\t\t<ul class=\"elementor-icon-list-items\">\n\t\t\t\t\t\t\t<li class=\"elementor-icon-list-item\">\n\t\t\t\t\t\t\t\t\t\t\t<span class=\"elementor-icon-list-icon\">\n\t\t\t\t\t\t\t<i aria-hidden=\"true\" class=\"fas fa-dot-circle\"><\/i>\t\t\t\t\t\t<\/span>\n\t\t\t\t\t\t\t\t\t\t<span class=\"elementor-icon-list-text\">Wir wollen unseren Kernwert \"Klein & Stark\" st\u00e4rken, indem wir als Boutique-DMC mit unserer 35-j\u00e4hrigen Erfahrung im Bereich der thail\u00e4ndischen Tourismusdienstleistungen eine hohe Servicequalit\u00e4t bieten.<\/span>\n\t\t\t\t\t\t\t\t\t<\/li>\n\t\t\t\t\t\t\t\t<li class=\"elementor-icon-list-item\">\n\t\t\t\t\t\t\t\t\t\t\t<span class=\"elementor-icon-list-icon\">\n\t\t\t\t\t\t\t<i aria-hidden=\"true\" class=\"fas fa-dot-circle\"><\/i>\t\t\t\t\t\t<\/span>\n\t\t\t\t\t\t\t\t\t\t<span class=\"elementor-icon-list-text\">unseren Partnern ein hohes Ma\u00df an Flexibilit\u00e4t, Zuverl\u00e4ssigkeit, Exklusivit\u00e4t und individueller Beratung zu garantieren<\/span>\n\t\t\t\t\t\t\t\t\t<\/li>\n\t\t\t\t\t\t\t\t<li class=\"elementor-icon-list-item\">\n\t\t\t\t\t\t\t\t\t\t\t<span class=\"elementor-icon-list-icon\">\n\t\t\t\t\t\t\t<i aria-hidden=\"true\" class=\"fas fa-dot-circle\"><\/i>\t\t\t\t\t\t<\/span>\n\t\t\t\t\t\t\t\t\t\t<span class=\"elementor-icon-list-text\">Bieten Sie innovative, kreative und qualitative Tourismusprodukte an, die sowohl auf Online- als auch auf Offline-Partner zugeschnitten sind.<\/span>\n\t\t\t\t\t\t\t\t\t<\/li>\n\t\t\t\t\t\t\t\t<li class=\"elementor-icon-list-item\">\n\t\t\t\t\t\t\t\t\t\t\t<span class=\"elementor-icon-list-icon\">\n\t\t\t\t\t\t\t<i aria-hidden=\"true\" class=\"fas fa-dot-circle\"><\/i>\t\t\t\t\t\t<\/span>\n\t\t\t\t\t\t\t\t\t\t<span class=\"elementor-icon-list-text\">Anwendung der Globalen Kriterien f\u00fcr nachhaltigen Tourismus auf unsere Gesch\u00e4ftspraktiken.<\/span>\n\t\t\t\t\t\t\t\t\t<\/li>\n\t\t\t\t\t\t\t\t<li class=\"elementor-icon-list-item\">\n\t\t\t\t\t\t\t\t\t\t\t<span class=\"elementor-icon-list-icon\">\n\t\t\t\t\t\t\t<i aria-hidden=\"true\" class=\"fas fa-dot-circle\"><\/i>\t\t\t\t\t\t<\/span>\n\t\t\t\t\t\t\t\t\t\t<span class=\"elementor-icon-list-text\">Integration von umweltfreundlichen lokalen Gemeinschaften und einer umweltfreundlichen Lieferkette im ganzen Land in unsere Produkte und T\u00e4tigkeiten.<\/span>\n\t\t\t\t\t\t\t\t\t<\/li>\n\t\t\t\t\t\t<\/ul>\n\t\t\t\t\t\t<\/div>\n\t\t\t\t<\/div>\n\t\t\t\t<\/div>\n\t\t<div class=\"elementor-element elementor-element-2072d0b e-con-full e-flex e-con e-child\" data-id=\"2072d0b\" data-element_type=\"container\">\n\t\t\t\t<div class=\"elementor-element elementor-element-57d1b5d elementor-widget elementor-widget-image\" data-id=\"57d1b5d\" data-element_type=\"widget\" data-widget_type=\"image.default\">\n\t\t\t\t<div class=\"elementor-widget-container\">\n\t\t\t\t\t\t\t\t\t\t\t\t\t\t\t<img decoding=\"async\" width=\"800\" height=\"533\" src=\"https:\/\/royalsilkholidays.com\/wp-content\/uploads\/2022\/10\/phamon-35-1030x686.jpg\" class=\"attachment-large size-large wp-image-993\" alt=\"\" srcset=\"https:\/\/royalsilkholidays.com\/wp-content\/uploads\/2022\/10\/phamon-35-1030x686.jpg 1030w, https:\/\/royalsilkholidays.com\/wp-content\/uploads\/2022\/10\/phamon-35-300x200.jpg 300w, https:\/\/royalsilkholidays.com\/wp-content\/uploads\/2022\/10\/phamon-35-768x512.jpg 768w, https:\/\/royalsilkholidays.com\/wp-content\/uploads\/2022\/10\/phamon-35.jpg 1280w\" sizes=\"(max-width: 800px) 100vw, 800px\" \/>\t\t\t\t\t\t\t\t\t\t\t\t\t\t\t<\/div>\n\t\t\t\t<\/div>\n\t\t\t\t<\/div>\n\t\t\t\t\t<\/div>\n\t\t\t\t<\/div>\n\t\t<div data-dce-background-image-url=\"https:\/\/royalsilkholidays.com\/wp-content\/uploads\/2022\/10\/landscape-railay-beach-sunrise-krabi-thailand-duo.jpg\" class=\"elementor-element elementor-element-43e49930 e-flex e-con-boxed e-con e-parent\" data-id=\"43e49930\" data-element_type=\"container\" data-settings=\"{&quot;background_background&quot;:&quot;classic&quot;}\">\n\t\t\t\t\t<div class=\"e-con-inner\">\n\t\t\t\t<div class=\"elementor-element elementor-element-214d9a5b elementor-widget elementor-widget-heading\" data-id=\"214d9a5b\" data-element_type=\"widget\" data-widget_type=\"heading.default\">\n\t\t\t\t<div class=\"elementor-widget-container\">\n\t\t\t\t\t<h2 class=\"elementor-heading-title elementor-size-default\">Denken Sie an Thailand? Lassen Sie uns mit der Planung beginnen<\/h2>\t\t\t\t<\/div>\n\t\t\t\t<\/div>\n\t\t\t\t<div class=\"elementor-element elementor-element-681eaf6 elementor-widget elementor-widget-text-editor\" data-id=\"681eaf6\" data-element_type=\"widget\" data-widget_type=\"text-editor.default\">\n\t\t\t\t<div class=\"elementor-widget-container\">\n\t\t\t\t\t\t\t\t\t<p>Senden Sie uns Ihre Anfrage, um Ihre Reise nach Thailand zu beginnen<\/p>\n\t\t\t\t\t\t\t\t<\/div>\n\t\t\t\t<\/div>\n\t\t\t\t<div class=\"elementor-element elementor-element-5d022542 elementor-align-left elementor-widget elementor-widget-button\" data-id=\"5d022542\" data-element_type=\"widget\" data-widget_type=\"button.default\">\n\t\t\t\t<div class=\"elementor-widget-container\">\n\t\t\t\t\t\t\t\t\t<div class=\"elementor-button-wrapper\">\n\t\t\t\t\t<a class=\"elementor-button elementor-button-link elementor-size-md\" href=\"https:\/\/royalsilkholidays.com\/de\/kontakt\/\">\n\t\t\t\t\t\t<span class=\"elementor-button-content-wrapper\">\n\t\t\t\t\t\t\t\t\t<span class=\"elementor-button-text\">Anfrage senden<\/span>\n\t\t\t\t\t<\/span>\n\t\t\t\t\t<\/a>\n\t\t\t\t<\/div>\n\t\t\t\t\t\t\t\t<\/div>\n\t\t\t\t<\/div>\n\t\t\t\t\t<\/div>\n\t\t\t\t<\/div>\n\t\t\t\t<\/div>\n\t\t","protected":false},"excerpt":{"rendered":"<p>Previous Next \u00dcber Royal Silk Holidays Royal Silk Holidays wurde 1987 gegr\u00fcndet und ist eine thail\u00e4ndische Destination Management Company (DMC), die den kompletten Service vor Ort f\u00fcr Reiseveranstalter, Reiseb\u00fcros, Incentive-Organisatoren, nationale Tourismusorganisationen und weltweite Reisende anbietet. Bereits seit 2002 ist unser Unternehmen aktives Mitglied der \u201eThai Ecotourism and Adventure Travel Association (TEATA)\u201c und stellte von [&hellip;]<\/p>\n","protected":false},"author":1,"featured_media":0,"parent":0,"menu_order":0,"comment_status":"closed","ping_status":"closed","template":"","meta":{"_acf_changed":false,"_seopress_robots_primary_cat":"","_seopress_titles_title":"","_seopress_titles_desc":"","_seopress_robots_index":"","footnotes":""},"class_list":["post-411","page","type-page","status-publish"],"acf":[],"_links":{"self":[{"href":"https:\/\/royalsilkholidays.com\/de\/wp-json\/wp\/v2\/pages\/411","targetHints":{"allow":["GET"]}}],"collection":[{"href":"https:\/\/royalsilkholidays.com\/de\/wp-json\/wp\/v2\/pages"}],"about":[{"href":"https:\/\/royalsilkholidays.com\/de\/wp-json\/wp\/v2\/types\/page"}],"author":[{"embeddable":true,"href":"https:\/\/royalsilkholidays.com\/de\/wp-json\/wp\/v2\/users\/1"}],"replies":[{"embeddable":true,"href":"https:\/\/royalsilkholidays.com\/de\/wp-json\/wp\/v2\/comments?post=411"}],"version-history":[{"count":0,"href":"https:\/\/royalsilkholidays.com\/de\/wp-json\/wp\/v2\/pages\/411\/revisions"}],"wp:attachment":[{"href":"https:\/\/royalsilkholidays.com\/de\/wp-json\/wp\/v2\/media?parent=411"}],"curies":[{"name":"wp","href":"https:\/\/api.w.org\/{rel}","templated":true}]}}