{"id":413,"date":"2022-07-15T04:02:25","date_gmt":"2022-07-15T04:02:25","guid":{"rendered":"http:\/\/royalsilkholidays.com\/nachhaltigkeit\/"},"modified":"2022-10-30T14:57:56","modified_gmt":"2022-10-30T14:57:56","slug":"nachhaltigkeit","status":"publish","type":"page","link":"https:\/\/royalsilkholidays.com\/de\/nachhaltigkeit\/","title":{"rendered":"Nachhaltigkeit"},"content":{"rendered":"\t\t<div data-elementor-type=\"wp-page\" data-elementor-id=\"413\" class=\"elementor elementor-413 elementor-93\" data-elementor-post-type=\"page\">\n\t\t\t\t<div class=\"elementor-element elementor-element-c7b150a e-flex e-con-boxed e-con e-parent\" data-id=\"c7b150a\" data-element_type=\"container\" data-settings=\"{&quot;background_background&quot;:&quot;classic&quot;}\">\n\t\t\t\t\t<div class=\"e-con-inner\">\n\t\t\t\t<div class=\"elementor-element elementor-element-ec453e7 elementor-widget elementor-widget-heading\" data-id=\"ec453e7\" data-element_type=\"widget\" data-widget_type=\"heading.default\">\n\t\t\t\t<div class=\"elementor-widget-container\">\n\t\t\t\t\t<h2 class=\"elementor-heading-title elementor-size-default\">Royal Silk & Nachhaltigkeit<\/h2>\t\t\t\t<\/div>\n\t\t\t\t<\/div>\n\t\t\t\t\t<\/div>\n\t\t\t\t<\/div>\n\t\t<div class=\"elementor-element elementor-element-7269a63 e-flex e-con-boxed e-con e-parent\" data-id=\"7269a63\" data-element_type=\"container\">\n\t\t\t\t\t<div class=\"e-con-inner\">\n\t\t\t\t<div class=\"elementor-element elementor-element-dcc9567 elementor-widget elementor-widget-text-editor\" data-id=\"dcc9567\" data-element_type=\"widget\" data-widget_type=\"text-editor.default\">\n\t\t\t\t<div class=\"elementor-widget-container\">\n\t\t\t\t\t\t\t\t\tWir sensibilisieren beteiligte Organisationen und unsere lokalen Partner f\u00fcr Umweltfragen und verantwortungsvollen Tourismus. Wir sind \u00fcberzeugt, dass wir mit einer steten Zusammenarbeit und einem starken Beitrag aller in der Lage sein werden, einen verantwortungsvollen Tourismus zu f\u00f6rdern, um unsere <strong>nat\u00fcrlichen Ressourcen<\/strong> (Natur-Sch\u00e4tze) zu verbessern und unser kulturelles Erbe jetzt und in der Zukunft zu erhalten.\r\n\r\nWir f\u00f6rdern umweltfreundliche Programme und arbeiten mit TEATA (Thai Ecotourism and Adventure Travel Association) und CBT-I (Community Based Tourism Institute) zusammen an kommunalen Tourismus-Entwicklungsprojekten. Wir entwickeln st\u00e4ndig unsere Nachhaltigkeitsstandards und nachhaltige Tourismusrouten weiter, um unseren G\u00e4sten die M\u00f6glichkeit zu geben, in \u201egr\u00fcnen\u201c Hotels zu \u00fcbernachten, \u00d6kotourismus-Aktivit\u00e4ten zu genie\u00dfen und die Kultur und Natur mit den Menschen vor Ort zu teilen.\r\n\r\nDerzeit vertreten wir Thailand im Vorstand von Asian Ecotourism Networks. Wir leiten ein kohlenstoffarmes Tourismusprojekt auf der Insel Koh Mak in der Provinz Trat, das von der Designated Area for Sustainable Tourism Administration (DASTA) unterst\u00fctzt wird. Unsere erfolgreichsten Projekte in der Vergangenheit sind die Entwicklung gr\u00fcner Routen auf der Insel Koh Klang in Krabi sowie in der Provinz Loei. Dabei werden die Lehren aus dem erfolgreichen CSR-MAP-Projekt gezogen.\r\n\r\nWir suchen stets nach weiteren Kontakten und noch mehr Partnern, die die gleichen Leidenschaften teilen, unsere gr\u00fcnen Routen zu erleben und uns dabei zu helfen, so sch\u00f6ne Produkte auf dem Weltmarkt einzuf\u00fchren und gleichzeitig zu bewahren. Wir freuen uns auf Ihre wertvollen Kommentare, auf den Wissensaustausch und darauf, gemeinsam auf noch mehr Nachhaltigkeit hinzuarbeiten.\t\t\t\t\t\t\t\t<\/div>\n\t\t\t\t<\/div>\n\t\t\t\t\t<\/div>\n\t\t\t\t<\/div>\n\t\t<div class=\"elementor-element elementor-element-f19a228 e-flex e-con-boxed e-con e-parent\" data-id=\"f19a228\" data-element_type=\"container\">\n\t\t\t\t\t<div class=\"e-con-inner\">\n\t\t\t\t<div class=\"elementor-element elementor-element-ce0f74e elementor-widget elementor-widget-heading\" data-id=\"ce0f74e\" data-element_type=\"widget\" data-widget_type=\"heading.default\">\n\t\t\t\t<div class=\"elementor-widget-container\">\n\t\t\t\t\t<h2 class=\"elementor-heading-title elementor-size-default\">Kohlenstoffbilanz<\/h2>\t\t\t\t<\/div>\n\t\t\t\t<\/div>\n\t\t\t\t<div class=\"elementor-element elementor-element-2605f02 elementor-widget elementor-widget-text-editor\" data-id=\"2605f02\" data-element_type=\"widget\" data-widget_type=\"text-editor.default\">\n\t\t\t\t<div class=\"elementor-widget-container\">\n\t\t\t\t\t\t\t\t\tIn Zusammenarbeit mit dem thail\u00e4ndischen Verband f\u00fcr \u00d6kotourismus und Abenteuer (Thai Ecotourism and Adventure Association) sind wir als aktives Mitglied bestrebt, den CO2-Fu\u00dfabdruck unserer Reiseprodukte zu verringern, indem wir Reisen mit \u00f6ffentlichen Verkehrsmitteln wie Z\u00fcgen anstelle von Kurzfl\u00fcgen und \u00f6ffentlichen Booten anstelle von Privatfahrzeugen anbieten. Bei unseren Ausfl\u00fcgen werden kohlenstoffarme Aktivit\u00e4ten wie Wandern und Radfahren angeboten. Wir ermutigen unsere G\u00e4ste, wiederverwendbare Trinkwasserflaschen zu benutzen und den Gebrauch von Einweg-Plastikflaschen zu vermeiden. Die Teilnehmer erhalten Informationen \u00fcber den Kohlenstoff-Fu\u00dfabdruck, der bei jeder Tour entsteht, um das Programm weiter auszugleichen.\r\n\r\nF\u00fcr die kommende Saison arbeiten wir an Tagesausfl\u00fcgen und \u00dcberlandtouren mit geringem Kohlendioxidaussto\u00df als Option f\u00fcr unsere Partner, die ihren Kunden Informationen \u00fcber den CO2-Fu\u00dfabdruck jeder Tour zum weiteren Ausgleich anbieten k\u00f6nnen.\t\t\t\t\t\t\t\t<\/div>\n\t\t\t\t<\/div>\n\t\t\t\t\t<\/div>\n\t\t\t\t<\/div>\n\t\t<div class=\"elementor-element elementor-element-2062259 e-flex e-con-boxed e-con e-parent\" data-id=\"2062259\" data-element_type=\"container\">\n\t\t\t\t\t<div class=\"e-con-inner\">\n\t\t\t\t<div class=\"elementor-element elementor-element-5e94c9f elementor-cta--layout-image-left elementor-cta--mobile-layout-image-above elementor-cta--skin-classic elementor-animated-content elementor-bg-transform elementor-bg-transform-zoom-in elementor-widget elementor-widget-call-to-action\" data-id=\"5e94c9f\" data-element_type=\"widget\" data-widget_type=\"call-to-action.default\">\n\t\t\t\t<div class=\"elementor-widget-container\">\n\t\t\t\t\t\t\t<div class=\"elementor-cta\">\n\t\t\t\t\t<div class=\"elementor-cta__bg-wrapper\">\n\t\t\t\t<div class=\"elementor-cta__bg elementor-bg\" style=\"background-image: url(https:\/\/royalsilkholidays.com\/wp-content\/uploads\/2022\/07\/aerial-view-phang-nga-bay-with-mountains-sunrise-thailand-1024x683.jpg);\" role=\"img\" aria-label=\"aerial-view-phang-nga-bay-with-mountains-sunrise-thailand\"><\/div>\n\t\t\t\t<div class=\"elementor-cta__bg-overlay\"><\/div>\n\t\t\t<\/div>\n\t\t\t\t\t\t\t<div class=\"elementor-cta__content\">\n\t\t\t\t\n\t\t\t\t\t\t\t\t\t<h2 class=\"elementor-cta__title elementor-cta__content-item elementor-content-item\">\n\t\t\t\t\t\tCSR Map Projekt\t\t\t\t\t<\/h2>\n\t\t\t\t\n\t\t\t\t\t\t\t\t\t<div class=\"elementor-cta__description elementor-cta__content-item elementor-content-item\">\n\t\t\t\t\t\tErfahren Sie mehr \u00fcber unsere preisgekr\u00f6nten Partnerschaften f\u00fcr soziale Unternehmensverantwortung und Marktzugang, auch bekannt als CSR MAP-Projekt.\t\t\t\t\t<\/div>\n\t\t\t\t\n\t\t\t\t\t\t\t\t\t<div class=\"elementor-cta__button-wrapper elementor-cta__content-item elementor-content-item \">\n\t\t\t\t\t<a class=\"elementor-cta__button elementor-button elementor-size-\" href=\"https:\/\/royalsilkholidays.com\/csr-map-project\/\">\n\t\t\t\t\t\tMehr\t\t\t\t\t<\/a>\n\t\t\t\t\t<\/div>\n\t\t\t\t\t\t\t<\/div>\n\t\t\t\t\t\t<\/div>\n\t\t\t\t\t\t<\/div>\n\t\t\t\t<\/div>\n\t\t\t\t\t<\/div>\n\t\t\t\t<\/div>\n\t\t<div class=\"elementor-element elementor-element-a6254fd e-flex e-con-boxed e-con e-parent\" data-id=\"a6254fd\" data-element_type=\"container\" data-settings=\"{&quot;background_background&quot;:&quot;classic&quot;}\">\n\t\t\t\t\t<div class=\"e-con-inner\">\n\t\t\t\t<div class=\"elementor-element elementor-element-e9324e0 elementor-widget elementor-widget-heading\" data-id=\"e9324e0\" data-element_type=\"widget\" data-widget_type=\"heading.default\">\n\t\t\t\t<div class=\"elementor-widget-container\">\n\t\t\t\t\t<h2 class=\"elementor-heading-title elementor-size-default\">Unsere bereits existierende Projekte<\/h2>\t\t\t\t<\/div>\n\t\t\t\t<\/div>\n\t\t\t\t<div class=\"elementor-element elementor-element-072dd88 elementor-widget-mobile__width-inherit elementor-widget elementor-widget-hotspot\" data-id=\"072dd88\" data-element_type=\"widget\" data-settings=\"{&quot;hotspot&quot;:[{&quot;_id&quot;:&quot;060c238&quot;,&quot;hotspot_tooltip_content&quot;:&quot;Green Route In Loei Province&quot;,&quot;hotspot_offset_x&quot;:{&quot;unit&quot;:&quot;%&quot;,&quot;size&quot;:37,&quot;sizes&quot;:[]},&quot;hotspot_offset_y&quot;:{&quot;unit&quot;:&quot;%&quot;,&quot;size&quot;:27,&quot;sizes&quot;:[]},&quot;index&quot;:0,&quot;__dynamic__&quot;:null,&quot;hotspot_label&quot;:&quot;&quot;,&quot;hotspot_link&quot;:{&quot;url&quot;:&quot;&quot;,&quot;is_external&quot;:&quot;&quot;,&quot;nofollow&quot;:&quot;&quot;,&quot;custom_attributes&quot;:&quot;&quot;},&quot;hotspot_icon&quot;:{&quot;value&quot;:&quot;&quot;,&quot;library&quot;:&quot;&quot;},&quot;hotspot_custom_size&quot;:&quot;no&quot;,&quot;hotspot_horizontal&quot;:&quot;left&quot;,&quot;hotspot_vertical&quot;:&quot;top&quot;,&quot;hotspot_tooltip_position&quot;:&quot;no&quot;,&quot;hotspot_position&quot;:null},{&quot;_id&quot;:&quot;98f565d&quot;,&quot;hotspot_tooltip_content&quot;:&quot;Low Carbon Holiday @ Koh Mak&quot;,&quot;hotspot_offset_x&quot;:{&quot;unit&quot;:&quot;%&quot;,&quot;size&quot;:70,&quot;sizes&quot;:[]},&quot;hotspot_offset_y&quot;:{&quot;unit&quot;:&quot;%&quot;,&quot;size&quot;:47,&quot;sizes&quot;:[]},&quot;index&quot;:1,&quot;__dynamic__&quot;:null,&quot;hotspot_label&quot;:&quot;&quot;,&quot;hotspot_link&quot;:{&quot;url&quot;:&quot;&quot;,&quot;is_external&quot;:&quot;&quot;,&quot;nofollow&quot;:&quot;&quot;,&quot;custom_attributes&quot;:&quot;&quot;},&quot;hotspot_icon&quot;:{&quot;value&quot;:&quot;&quot;,&quot;library&quot;:&quot;&quot;},&quot;hotspot_custom_size&quot;:&quot;no&quot;,&quot;hotspot_horizontal&quot;:&quot;left&quot;,&quot;hotspot_vertical&quot;:&quot;top&quot;,&quot;hotspot_tooltip_position&quot;:&quot;no&quot;,&quot;hotspot_position&quot;:null},{&quot;_id&quot;:&quot;41d5bcf&quot;,&quot;hotspot_tooltip_content&quot;:&quot;Green Routes @ Krabi Province&quot;,&quot;hotspot_offset_x&quot;:{&quot;unit&quot;:&quot;%&quot;,&quot;size&quot;:71,&quot;sizes&quot;:[]},&quot;hotspot_offset_y&quot;:{&quot;unit&quot;:&quot;%&quot;,&quot;size&quot;:76,&quot;sizes&quot;:[]},&quot;index&quot;:2,&quot;__dynamic__&quot;:null,&quot;hotspot_label&quot;:&quot;&quot;,&quot;hotspot_link&quot;:{&quot;url&quot;:&quot;&quot;,&quot;is_external&quot;:&quot;&quot;,&quot;nofollow&quot;:&quot;&quot;,&quot;custom_attributes&quot;:&quot;&quot;},&quot;hotspot_icon&quot;:{&quot;value&quot;:&quot;&quot;,&quot;library&quot;:&quot;&quot;},&quot;hotspot_custom_size&quot;:&quot;no&quot;,&quot;hotspot_horizontal&quot;:&quot;left&quot;,&quot;hotspot_vertical&quot;:&quot;top&quot;,&quot;hotspot_tooltip_position&quot;:&quot;no&quot;,&quot;hotspot_position&quot;:null}],&quot;hotspot_sequenced_animation&quot;:&quot;yes&quot;,&quot;hotspot_sequenced_animation_duration&quot;:{&quot;unit&quot;:&quot;px&quot;,&quot;size&quot;:941,&quot;sizes&quot;:[]},&quot;tooltip_position&quot;:&quot;left&quot;,&quot;tooltip_position_tablet&quot;:&quot;bottom&quot;,&quot;tooltip_trigger&quot;:&quot;none&quot;}\" data-widget_type=\"hotspot.default\">\n\t\t\t\t<div class=\"elementor-widget-container\">\n\t\t\t\t\t<img fetchpriority=\"high\" decoding=\"async\" width=\"1200\" height=\"900\" src=\"https:\/\/royalsilkholidays.com\/wp-content\/uploads\/2022\/06\/Thailand-Map-White-80.jpg\" class=\"attachment-full size-full wp-image-96\" alt=\"\" srcset=\"https:\/\/royalsilkholidays.com\/wp-content\/uploads\/2022\/06\/Thailand-Map-White-80.jpg 1200w, https:\/\/royalsilkholidays.com\/wp-content\/uploads\/2022\/06\/Thailand-Map-White-80-300x225.jpg 300w, https:\/\/royalsilkholidays.com\/wp-content\/uploads\/2022\/06\/Thailand-Map-White-80-1024x768.jpg 1024w, https:\/\/royalsilkholidays.com\/wp-content\/uploads\/2022\/06\/Thailand-Map-White-80-768x576.jpg 768w\" sizes=\"(max-width: 1200px) 100vw, 1200px\" \/>\n\t\t\t\t\t\t<div class=\"e-hotspot elementor-repeater-item-060c238 e-hotspot--sequenced e-hotspot--position-left e-hotspot--position-top   e-hotspot--circle\">\n\n\t\t\t\t\t\t\t\t<div class=\"e-hotspot__button e-hotspot--expand\">\n\t\t\t\t\t\t\t\t\t\t\t<div class=\"e-hotspot__outer-circle\"><\/div>\n\t\t\t\t\t\t<div class=\"e-hotspot__inner-circle\"><\/div>\n\t\t\t\t\t\t\t\t\t<\/div>\n\n\t\t\t\t\t\t\t\t\t\t\t\t\t\t\t\t\t\t<div class=\"e-hotspot__tooltip e-hotspot--show-tooltip e-hotspot--tooltip-position  \" >\n\t\t\t\t\t\tGreen Route In Loei Province\t\t\t\t\t<\/div>\n\t\t\t\t\t\t\t\t\t\n\t\t\t<\/div>\n\n\t\n\t\t\t\t\t\t<div class=\"e-hotspot elementor-repeater-item-98f565d e-hotspot--sequenced e-hotspot--position-left e-hotspot--position-top   e-hotspot--circle\">\n\n\t\t\t\t\t\t\t\t<div class=\"e-hotspot__button e-hotspot--expand\">\n\t\t\t\t\t\t\t\t\t\t\t<div class=\"e-hotspot__outer-circle\"><\/div>\n\t\t\t\t\t\t<div class=\"e-hotspot__inner-circle\"><\/div>\n\t\t\t\t\t\t\t\t\t<\/div>\n\n\t\t\t\t\t\t\t\t\t\t\t\t\t\t\t\t\t\t<div class=\"e-hotspot__tooltip e-hotspot--show-tooltip e-hotspot--tooltip-position  \" >\n\t\t\t\t\t\tLow Carbon Holiday @ Koh Mak\t\t\t\t\t<\/div>\n\t\t\t\t\t\t\t\t\t\n\t\t\t<\/div>\n\n\t\n\t\t\t\t\t\t<div class=\"e-hotspot elementor-repeater-item-41d5bcf e-hotspot--sequenced e-hotspot--position-left e-hotspot--position-top   e-hotspot--circle\">\n\n\t\t\t\t\t\t\t\t<div class=\"e-hotspot__button e-hotspot--expand\">\n\t\t\t\t\t\t\t\t\t\t\t<div class=\"e-hotspot__outer-circle\"><\/div>\n\t\t\t\t\t\t<div class=\"e-hotspot__inner-circle\"><\/div>\n\t\t\t\t\t\t\t\t\t<\/div>\n\n\t\t\t\t\t\t\t\t\t\t\t\t\t\t\t\t\t\t<div class=\"e-hotspot__tooltip e-hotspot--show-tooltip e-hotspot--tooltip-position  \" >\n\t\t\t\t\t\tGreen Routes @ Krabi Province\t\t\t\t\t<\/div>\n\t\t\t\t\t\t\t\t\t\n\t\t\t<\/div>\n\n\t\n\t\t\t\t\t\t<\/div>\n\t\t\t\t<\/div>\n\t\t\t\t\t<\/div>\n\t\t\t\t<\/div>\n\t\t\t\t<\/div>\n\t\t","protected":false},"excerpt":{"rendered":"<p>Royal Silk &#038; Nachhaltigkeit Wir sensibilisieren beteiligte Organisationen und unsere lokalen Partner f\u00fcr Umweltfragen und verantwortungsvollen Tourismus. Wir sind \u00fcberzeugt, dass wir mit einer steten Zusammenarbeit und einem starken Beitrag aller in der Lage sein werden, einen verantwortungsvollen Tourismus zu f\u00f6rdern, um unsere nat\u00fcrlichen Ressourcen (Natur-Sch\u00e4tze) zu verbessern und unser kulturelles Erbe jetzt und in [&hellip;]<\/p>\n","protected":false},"author":1,"featured_media":0,"parent":0,"menu_order":0,"comment_status":"closed","ping_status":"closed","template":"","meta":{"_acf_changed":false,"_seopress_robots_primary_cat":"","_seopress_titles_title":"","_seopress_titles_desc":"","_seopress_robots_index":"","footnotes":""},"class_list":["post-413","page","type-page","status-publish"],"acf":[],"_links":{"self":[{"href":"https:\/\/royalsilkholidays.com\/de\/wp-json\/wp\/v2\/pages\/413","targetHints":{"allow":["GET"]}}],"collection":[{"href":"https:\/\/royalsilkholidays.com\/de\/wp-json\/wp\/v2\/pages"}],"about":[{"href":"https:\/\/royalsilkholidays.com\/de\/wp-json\/wp\/v2\/types\/page"}],"author":[{"embeddable":true,"href":"https:\/\/royalsilkholidays.com\/de\/wp-json\/wp\/v2\/users\/1"}],"replies":[{"embeddable":true,"href":"https:\/\/royalsilkholidays.com\/de\/wp-json\/wp\/v2\/comments?post=413"}],"version-history":[{"count":0,"href":"https:\/\/royalsilkholidays.com\/de\/wp-json\/wp\/v2\/pages\/413\/revisions"}],"wp:attachment":[{"href":"https:\/\/royalsilkholidays.com\/de\/wp-json\/wp\/v2\/media?parent=413"}],"curies":[{"name":"wp","href":"https:\/\/api.w.org\/{rel}","templated":true}]}}