{"id":415,"date":"2022-07-15T04:07:31","date_gmt":"2022-07-15T04:07:31","guid":{"rendered":"http:\/\/royalsilkholidays.com\/csr-map-projekte\/"},"modified":"2022-10-30T14:56:55","modified_gmt":"2022-10-30T14:56:55","slug":"csr-map-projekte","status":"publish","type":"page","link":"https:\/\/royalsilkholidays.com\/de\/csr-map-projekte\/","title":{"rendered":"CSR-MAP Projekte"},"content":{"rendered":"\t\t<div data-elementor-type=\"wp-page\" data-elementor-id=\"415\" class=\"elementor elementor-415 elementor-138\" data-elementor-post-type=\"page\">\n\t\t\t\t<div class=\"elementor-element elementor-element-57dda907 e-flex e-con-boxed e-con e-parent\" data-id=\"57dda907\" data-element_type=\"container\">\n\t\t\t\t\t<div class=\"e-con-inner\">\n\t\t<div class=\"elementor-element elementor-element-262e4501 e-con-full e-flex e-con e-child\" data-id=\"262e4501\" data-element_type=\"container\">\n\t\t\t\t<div class=\"elementor-element elementor-element-b6e58ce elementor-widget elementor-widget-image\" data-id=\"b6e58ce\" data-element_type=\"widget\" data-widget_type=\"image.default\">\n\t\t\t\t<div class=\"elementor-widget-container\">\n\t\t\t\t\t\t\t\t\t\t\t\t\t\t\t<img fetchpriority=\"high\" decoding=\"async\" width=\"800\" height=\"534\" src=\"https:\/\/royalsilkholidays.com\/wp-content\/uploads\/2022\/10\/Ban-Lam-Makham-10-1030x687.jpg\" class=\"attachment-large size-large wp-image-998\" alt=\"\" srcset=\"https:\/\/royalsilkholidays.com\/wp-content\/uploads\/2022\/10\/Ban-Lam-Makham-10-1030x687.jpg 1030w, https:\/\/royalsilkholidays.com\/wp-content\/uploads\/2022\/10\/Ban-Lam-Makham-10-300x200.jpg 300w, https:\/\/royalsilkholidays.com\/wp-content\/uploads\/2022\/10\/Ban-Lam-Makham-10-768x512.jpg 768w, https:\/\/royalsilkholidays.com\/wp-content\/uploads\/2022\/10\/Ban-Lam-Makham-10-1536x1024.jpg 1536w, https:\/\/royalsilkholidays.com\/wp-content\/uploads\/2022\/10\/Ban-Lam-Makham-10.jpg 1920w\" sizes=\"(max-width: 800px) 100vw, 800px\" \/>\t\t\t\t\t\t\t\t\t\t\t\t\t\t\t<\/div>\n\t\t\t\t<\/div>\n\t\t\t\t<\/div>\n\t\t<div class=\"elementor-element elementor-element-8c3a086 e-con-full e-flex e-con e-child\" data-id=\"8c3a086\" data-element_type=\"container\">\n\t\t\t\t<div class=\"elementor-element elementor-element-3581766 elementor-widget elementor-widget-heading\" data-id=\"3581766\" data-element_type=\"widget\" data-widget_type=\"heading.default\">\n\t\t\t\t<div class=\"elementor-widget-container\">\n\t\t\t\t\t<h2 class=\"elementor-heading-title elementor-size-default\">CSR-MAP Projekte<\/h2>\t\t\t\t<\/div>\n\t\t\t\t<\/div>\n\t\t\t\t<div class=\"elementor-element elementor-element-248dc23 elementor-widget elementor-widget-text-editor\" data-id=\"248dc23\" data-element_type=\"widget\" data-widget_type=\"text-editor.default\">\n\t\t\t\t<div class=\"elementor-widget-container\">\n\t\t\t\t\t\t\t\t\tRoyal Silk Holidays hat im Auftrag der TEATA-Mitglieder (The Thai Ecotourism and Adventure Travel Association) mit 5 Gruppen thail\u00e4ndischer Tourismusanbieter zusammengearbeitet: spezialisierten \u00d6kotour-Betreibern, professionellen thail\u00e4ndischen Reiseleitern, gr\u00fcnen KMU-Hotels*, gr\u00fcnen Restaurants und lokalen thail\u00e4ndischen Gemeinden, um \u201eCommunity Based Tourismus\u201c (CBT) -Programme weiter zu entwickeln.\r\n(*) KMU = kleine und mittelgro\u00dfe Unternehmen)\r\n\r\nCSR Map Nachhaltigkeits-Handbuch\t\t\t\t\t\t\t\t<\/div>\n\t\t\t\t<\/div>\n\t\t\t\t<\/div>\n\t\t\t\t\t<\/div>\n\t\t\t\t<\/div>\n\t\t<div class=\"elementor-element elementor-element-43b890c e-flex e-con-boxed e-con e-parent\" data-id=\"43b890c\" data-element_type=\"container\" data-settings=\"{&quot;background_background&quot;:&quot;classic&quot;}\">\n\t\t\t\t\t<div class=\"e-con-inner\">\n\t\t\t\t<div class=\"elementor-element elementor-element-a57859d elementor-widget elementor-widget-heading\" data-id=\"a57859d\" data-element_type=\"widget\" data-widget_type=\"heading.default\">\n\t\t\t\t<div class=\"elementor-widget-container\">\n\t\t\t\t\t<h2 class=\"elementor-heading-title elementor-size-default\">\u00dcber das MAP-Projekt<\/h2>\t\t\t\t<\/div>\n\t\t\t\t<\/div>\n\t\t\t\t<div class=\"elementor-element elementor-element-0afad18 elementor-widget elementor-widget-text-editor\" data-id=\"0afad18\" data-element_type=\"widget\" data-widget_type=\"text-editor.default\">\n\t\t\t\t<div class=\"elementor-widget-container\">\n\t\t\t\t\t\t\t\t\tWir bem\u00fchen uns, die besten Aspekte des thail\u00e4ndischen Tourismus zu bewahren, wie die herzliche thail\u00e4ndische Gastfreundschaft und die Liebe zum Detail, und wir nutzen unser lokales Wissen, um bessere Erfahrungen f\u00fcr G\u00e4ste, lokale thail\u00e4ndische Gemeinschaften und die kostbare Natur zu schaffen, die wir mit unseren G\u00e4sten teilen.\r\n\r\nUnsere \u201eGreen Routes\u201c -Programme werden von geschulten \u201e\u00d6ko-Reiseleitern\u201c betrieben und geleitet. Die Programme bieten den G\u00e4sten einzigartige M\u00f6glichkeiten, in gr\u00fcnen Hotels zu \u00fcbernachten, \u00d6kotourismus-Aktivit\u00e4ten zu genie\u00dfen und Leben, Kultur und Natur mit den lokalen thail\u00e4ndischen Gemeinden zu teilen.\r\n\r\nDie Erarbeitung fand im Rahmen eines EU-finanzierten Projekts statt, das als \u201eProjekt f\u00fcr soziale Verantwortung von Unternehmen und Marktzugangs-Partnerschaften f\u00fcr Lieferketten f\u00fcr nachhaltigen Tourismus in Thailand\u201c bezeichnet wird. Das CSR-MAP-Projekt zielt darauf ab, die Wertsch\u00f6pfungsketten zwischen Thailand und der EU nachhaltiger zu gestalten und gro\u00dfartige neue Produkte f\u00fcr europ\u00e4ische Touristen zu entwickeln, die einen authentischen, verantwortungsbewussten gr\u00fcnen Urlaub suchen.\t\t\t\t\t\t\t\t<\/div>\n\t\t\t\t<\/div>\n\t\t\t\t\t<\/div>\n\t\t\t\t<\/div>\n\t\t<div class=\"elementor-element elementor-element-739b5f2 e-flex e-con-boxed e-con e-parent\" data-id=\"739b5f2\" data-element_type=\"container\">\n\t\t\t\t\t<div class=\"e-con-inner\">\n\t\t\t\t<div class=\"elementor-element elementor-element-3b44794 elementor-widget elementor-widget-heading\" data-id=\"3b44794\" data-element_type=\"widget\" data-widget_type=\"heading.default\">\n\t\t\t\t<div class=\"elementor-widget-container\">\n\t\t\t\t\t<h4 class=\"elementor-heading-title elementor-size-default\">Nachhaltigkeit ist eine Teamleistung<\/h4>\t\t\t\t<\/div>\n\t\t\t\t<\/div>\n\t\t\t\t<div class=\"elementor-element elementor-element-128259a elementor-widget elementor-widget-heading\" data-id=\"128259a\" data-element_type=\"widget\" data-widget_type=\"heading.default\">\n\t\t\t\t<div class=\"elementor-widget-container\">\n\t\t\t\t\t<h2 class=\"elementor-heading-title elementor-size-default\">Projektpartner<\/h2>\t\t\t\t<\/div>\n\t\t\t\t<\/div>\n\t\t\t\t<div class=\"elementor-element elementor-element-ffa0c6b elementor-widget elementor-widget-qi_addons_for_elementor_clients_list\" data-id=\"ffa0c6b\" data-element_type=\"widget\" data-widget_type=\"qi_addons_for_elementor_clients_list.default\">\n\t\t\t\t<div class=\"elementor-widget-container\">\n\t\t\t\t\t<div class=\"qodef-shortcode qodef-m qodef-qi-clients-list qodef-border--no qodef-qi-grid qodef-layout--qi-columns qodef-col-num--2 qodef-responsive--predefined\">\n\t<div class=\"qodef-grid-inner\">\n\t\t<div class=\"qodef-e qodef-grid-item\">\n\t<div class=\"qodef-e-inner\">\n\t\t\t\t<div class=\"qodef-e-images-holder\">\n\t\t\t\t\t\t\t\t<\/div>\n\t\t\t\t\t<h5 class=\"qodef-e-title\">\n\t\t\tThe Thai Ecotourism and Adventure Travel Association (TEATA)\t\t<\/h5>\n\t\t\t<p class=\"qodef-e-text\">\n\t\teine wegweisende Vereinigung von 50 umweltbewussten, sozial verantwortlichen thail\u00e4ndischen Reiseveranstaltern, die zusammenarbeiten, um die Ideale des \u00d6kotourismus in die Praxis umzusetzen.\t<\/p>\n\t\t\t<\/div>\n<\/div>\n<div class=\"qodef-e qodef-grid-item\">\n\t<div class=\"qodef-e-inner\">\n\t\t\t\t<div class=\"qodef-e-images-holder\">\n\t\t\t\t\t\t\t\t<\/div>\n\t\t\t\t\t<h5 class=\"qodef-e-title\">\n\t\t\tThe Greenleaf Foundation\t\t<\/h5>\n\t\t\t<p class=\"qodef-e-text\">\n\t\teine Organisation f\u00fcr Hotelstandards und -zertifizierung, die mehr als 200 Mitglieder vertritt, die sich an eine breite Palette von Umweltkriterien halten.\t<\/p>\n\t\t\t<\/div>\n<\/div>\n<div class=\"qodef-e qodef-grid-item\">\n\t<div class=\"qodef-e-inner\">\n\t\t\t\t<div class=\"qodef-e-images-holder\">\n\t\t\t\t\t\t\t\t<\/div>\n\t\t\t\t\t<h5 class=\"qodef-e-title\">\n\t\t\tThe European Center for Eco and Agro Tourism (ECEAT)\u00a0\t\t<\/h5>\n\t\t\t<p class=\"qodef-e-text\">\n\t\tein umfangreiches Netzwerk von mehr als 1300 Anbietern von nachhaltigem Tourismus in der EU. ECEAT-Projekte verf\u00fcgen \u00fcber umfangreiche internationale Erfahrung bei der Erleichterung der Standardisierung von nachhaltigem Tourismus; Aufbau nachhaltiger Lieferketten und F\u00f6rderung des nachhaltigen Tourismus auf der ganzen Welt durch den EU-finanzierten Green Travel Market\t<\/p>\n\t\t\t<\/div>\n<\/div>\n<div class=\"qodef-e qodef-grid-item\">\n\t<div class=\"qodef-e-inner\">\n\t\t\t\t<div class=\"qodef-e-images-holder\">\n\t\t\t\t\t\t\t\t<\/div>\n\t\t\t\t\t<h5 class=\"qodef-e-title\">\n\t\t\tExterne Unterst\u00fctzung f\u00fcr Community-based Tourism-Aktivit\u00e4ten, bereitgestellt durch das Thailand Community-based Tourism Institute (CBT-I)\t\t<\/h5>\n\t\t\t<p class=\"qodef-e-text\">\n\t\tbietet Forschungs- und Entwicklungsunterst\u00fctzung f\u00fcr ein Netzwerk von \u00fcber 50 l\u00e4ndlichen thail\u00e4ndischen Gemeinden und arbeitet mit Interessengruppen zusammen, um die lokale Bev\u00f6lkerung bei der nachhaltigen Verwaltung des Tourismus zu unterst\u00fctzen.\t<\/p>\n\t\t\t<\/div>\n<\/div>\n\t<\/div>\n<\/div>\n\t\t\t\t<\/div>\n\t\t\t\t<\/div>\n\t\t\t\t\t<\/div>\n\t\t\t\t<\/div>\n\t\t\t\t<\/div>\n\t\t","protected":false},"excerpt":{"rendered":"<p>CSR-MAP Projekte Royal Silk Holidays hat im Auftrag der TEATA-Mitglieder (The Thai Ecotourism and Adventure Travel Association) mit 5 Gruppen thail\u00e4ndischer Tourismusanbieter zusammengearbeitet: spezialisierten \u00d6kotour-Betreibern, professionellen thail\u00e4ndischen Reiseleitern, gr\u00fcnen KMU-Hotels*, gr\u00fcnen Restaurants und lokalen thail\u00e4ndischen Gemeinden, um \u201eCommunity Based Tourismus\u201c (CBT) -Programme weiter zu entwickeln. (*) KMU = kleine und mittelgro\u00dfe Unternehmen) CSR Map Nachhaltigkeits-Handbuch [&hellip;]<\/p>\n","protected":false},"author":1,"featured_media":0,"parent":0,"menu_order":0,"comment_status":"closed","ping_status":"closed","template":"","meta":{"_acf_changed":false,"_seopress_robots_primary_cat":"","_seopress_titles_title":"","_seopress_titles_desc":"","_seopress_robots_index":"","footnotes":""},"class_list":["post-415","page","type-page","status-publish"],"acf":[],"_links":{"self":[{"href":"https:\/\/royalsilkholidays.com\/de\/wp-json\/wp\/v2\/pages\/415","targetHints":{"allow":["GET"]}}],"collection":[{"href":"https:\/\/royalsilkholidays.com\/de\/wp-json\/wp\/v2\/pages"}],"about":[{"href":"https:\/\/royalsilkholidays.com\/de\/wp-json\/wp\/v2\/types\/page"}],"author":[{"embeddable":true,"href":"https:\/\/royalsilkholidays.com\/de\/wp-json\/wp\/v2\/users\/1"}],"replies":[{"embeddable":true,"href":"https:\/\/royalsilkholidays.com\/de\/wp-json\/wp\/v2\/comments?post=415"}],"version-history":[{"count":0,"href":"https:\/\/royalsilkholidays.com\/de\/wp-json\/wp\/v2\/pages\/415\/revisions"}],"wp:attachment":[{"href":"https:\/\/royalsilkholidays.com\/de\/wp-json\/wp\/v2\/media?parent=415"}],"curies":[{"name":"wp","href":"https:\/\/api.w.org\/{rel}","templated":true}]}}